{"id":34900,"date":"2025-11-03T11:26:41","date_gmt":"2025-11-03T10:26:41","guid":{"rendered":"https:\/\/sklep.wieszjak.org\/?post_type=product&#038;p=34900"},"modified":"2025-11-03T11:32:02","modified_gmt":"2025-11-03T10:32:02","slug":"maszyna-do-popcornu","status":"publish","type":"product","link":"https:\/\/sklep.wieszjak.org\/index.php\/produkt\/maszyna-do-popcornu\/","title":{"rendered":"Maszyna do popcornu"},"content":{"rendered":"<p><strong>Maszyna do popcornu<\/strong> \u2013 atrakcja pe\u0142na smaku.<br \/>\nWyobra\u017a sobie zapach \u015bwie\u017cego popcornu unosz\u0105cy si\u0119 na Twoim wydarzeniu! Wynajmij nasz\u0105 profesjonaln\u0105 maszyn\u0119 do popcornu \u2013 z obs\u0142ug\u0105 lub bez \u2013 i zapewnij swoim go\u015bciom pyszn\u0105 i pachn\u0105c\u0105 przek\u0105sk\u0119. W ofercie: akcesoria, dodatki smakowe, zni\u017cki dla NGO oraz przejrzyste zasady najmu.<\/p>\n<div>\n<div dir=\"auto\"><img loading=\"lazy\" decoding=\"async\" class=\"CToWUd\" src=\"https:\/\/ci3.googleusercontent.com\/meips\/ADKq_NbJAxEfhs1MwjszooKlHpo1v7Y3tL1E0oEKKm6G8-76l-VUCD-m0oOx8pAq0tM4NhjkL1YplcaNwc9xADnlbHRunUFb3sM66gAOlItYYcArY8ta9f5TKjA=s0-d-e1-ft#https:\/\/static.xx.fbcdn.net\/images\/emoji.php\/v9\/t9a\/1\/16\/1f37f.png\" alt=\"&#x1f37f;\" width=\"16\" height=\"16\" data-bit=\"iit\" \/>\u00a0Maszyna do popcornu<\/div>\n<\/div>\n<div>\n<div dir=\"auto\">BEZ obs\u0142ugi: 250 z\u0142\/doba<\/div>\n<\/div>\n<div>\n<div dir=\"auto\">Z obs\u0142ug\u0105:<\/div>\n<\/div>\n<div>\n<div dir=\"auto\">1h \u2013 200 z\u0142<\/div>\n<\/div>\n<div>\n<div dir=\"auto\">2h \u2013 350 z\u0142<\/div>\n<\/div>\n<div>\n<div dir=\"auto\">3h \u2013 450 z\u0142<\/div>\n<\/div>\n","protected":false},"excerpt":{"rendered":"<p>Maszyna do popcornu.<\/p>\n","protected":false},"featured_media":34901,"comment_status":"open","ping_status":"closed","template":"","meta":{"_et_pb_use_builder":"","_et_pb_old_content":"","_et_gb_content_width":""},"product_brand":[],"product_cat":[24],"product_tag":[25],"class_list":{"0":"post-34900","1":"product","2":"type-product","3":"status-publish","4":"has-post-thumbnail","6":"product_cat-wynajem-sprzetu","7":"product_tag-maszyna-do-popcornu","9":"first","10":"outofstock","11":"taxable","12":"shipping-taxable","13":"product-type-variable"},"_links":{"self":[{"href":"https:\/\/sklep.wieszjak.org\/index.php\/wp-json\/wp\/v2\/product\/34900","targetHints":{"allow":["GET"]}}],"collection":[{"href":"https:\/\/sklep.wieszjak.org\/index.php\/wp-json\/wp\/v2\/product"}],"about":[{"href":"https:\/\/sklep.wieszjak.org\/index.php\/wp-json\/wp\/v2\/types\/product"}],"replies":[{"embeddable":true,"href":"https:\/\/sklep.wieszjak.org\/index.php\/wp-json\/wp\/v2\/comments?post=34900"}],"wp:featuredmedia":[{"embeddable":true,"href":"https:\/\/sklep.wieszjak.org\/index.php\/wp-json\/wp\/v2\/media\/34901"}],"wp:attachment":[{"href":"https:\/\/sklep.wieszjak.org\/index.php\/wp-json\/wp\/v2\/media?parent=34900"}],"wp:term":[{"taxonomy":"product_brand","embeddable":true,"href":"https:\/\/sklep.wieszjak.org\/index.php\/wp-json\/wp\/v2\/product_brand?post=34900"},{"taxonomy":"product_cat","embeddable":true,"href":"https:\/\/sklep.wieszjak.org\/index.php\/wp-json\/wp\/v2\/product_cat?post=34900"},{"taxonomy":"product_tag","embeddable":true,"href":"https:\/\/sklep.wieszjak.org\/index.php\/wp-json\/wp\/v2\/product_tag?post=34900"}],"curies":[{"name":"wp","href":"https:\/\/api.w.org\/{rel}","templated":true}]}}