{"id":34902,"date":"2025-11-03T11:37:44","date_gmt":"2025-11-03T10:37:44","guid":{"rendered":"https:\/\/sklep.wieszjak.org\/?post_type=product&#038;p=34902"},"modified":"2025-11-03T11:37:44","modified_gmt":"2025-11-03T10:37:44","slug":"fotobudka-tradycyjna-z-obsluga","status":"publish","type":"product","link":"https:\/\/sklep.wieszjak.org\/index.php\/produkt\/fotobudka-tradycyjna-z-obsluga\/","title":{"rendered":"Fotobudka tradycyjna (z obs\u0142ug\u0105)"},"content":{"rendered":"<p>Fotobudka dla Ciebie i na Twoj\u0105 imprez\u0119<br class=\"html-br\" \/>Zr\u00f3bmy ha\u0142as dla najlepszej imprezy ever!<br class=\"html-br\" \/><br class=\"html-br\" \/><span class=\"html-span xexx8yu xyri2b x18d9i69 x1c1uobl x1hl2dhg x16tdsg8 x1vvkbs x3nfvp2 x1j61x8r x1fcty0u xdj266r xat24cr xm2jcoa x1mpyi22 xxymvpz xlup9mm x1kky2od\"><img loading=\"lazy\" decoding=\"async\" class=\"xz74otr x15mokao x1ga7v0g x16uus16 xbiv7yw\" src=\"https:\/\/static.xx.fbcdn.net\/images\/emoji.php\/v9\/t50\/1\/16\/1f525.png\" alt=\"&#x1f525;\" width=\"16\" height=\"16\" \/><\/span>\u00a0Bo to nie s\u0105 zwyk\u0142e zdj\u0119cia. To dokumentacja epickiej zabawy, kt\u00f3ra wymyka si\u0119 definicji \u201egrzecznej imprezki\u201d. urodziny, \u015blub, impreza? Nie mamy ogranicze\u0144!<br class=\"html-br\" \/><span class=\"html-span xexx8yu xyri2b x18d9i69 x1c1uobl x1hl2dhg x16tdsg8 x1vvkbs x3nfvp2 x1j61x8r x1fcty0u xdj266r xat24cr xm2jcoa x1mpyi22 xxymvpz xlup9mm x1kky2od\"><img loading=\"lazy\" decoding=\"async\" class=\"xz74otr x15mokao x1ga7v0g x16uus16 xbiv7yw\" src=\"https:\/\/static.xx.fbcdn.net\/images\/emoji.php\/v9\/t8c\/1\/16\/1f389.png\" alt=\"&#x1f389;\" width=\"16\" height=\"16\" \/><\/span>Nielimitowane zdj\u0119cia \u2013 ile wlezie!<br class=\"html-br\" \/><span class=\"html-span xexx8yu xyri2b x18d9i69 x1c1uobl x1hl2dhg x16tdsg8 x1vvkbs x3nfvp2 x1j61x8r x1fcty0u xdj266r xat24cr xm2jcoa x1mpyi22 xxymvpz xlup9mm x1kky2od\"><img loading=\"lazy\" decoding=\"async\" class=\"xz74otr x15mokao x1ga7v0g x16uus16 xbiv7yw\" src=\"https:\/\/static.xx.fbcdn.net\/images\/emoji.php\/v9\/t4e\/1\/16\/1f5bc.png\" alt=\"&#x1f5bc;\" width=\"16\" height=\"16\" \/><\/span>\u00a0Wydruki na miejscu \u2013 zanim jeszcze zd\u0105\u017cysz powiedzie\u0107 \u201eselfie\u201d<br class=\"html-br\" \/><\/p>\n","protected":false},"excerpt":{"rendered":"<div>\n<div dir=\"auto\">Fotobudka tradycyjna (z obs\u0142ug\u0105):<\/div>\n<\/div>\n<div>\n<div dir=\"auto\">2h \u2013 800 z\u0142<\/div>\n<\/div>\n<div>\n<div dir=\"auto\">3h \u2013 1000 z\u0142<\/div>\n<\/div>\n<div>\n<div dir=\"auto\">5h \u2013 1500 z\u0142<\/div>\n<\/div>\n","protected":false},"featured_media":34903,"comment_status":"open","ping_status":"closed","template":"","meta":{"_et_pb_use_builder":"","_et_pb_old_content":"","_et_gb_content_width":""},"product_brand":[],"product_cat":[24],"product_tag":[],"class_list":{"0":"post-34902","1":"product","2":"type-product","3":"status-publish","4":"has-post-thumbnail","6":"product_cat-wynajem-sprzetu","8":"first","9":"instock","10":"taxable","11":"shipping-taxable","12":"purchasable","13":"product-type-simple"},"_links":{"self":[{"href":"https:\/\/sklep.wieszjak.org\/index.php\/wp-json\/wp\/v2\/product\/34902","targetHints":{"allow":["GET"]}}],"collection":[{"href":"https:\/\/sklep.wieszjak.org\/index.php\/wp-json\/wp\/v2\/product"}],"about":[{"href":"https:\/\/sklep.wieszjak.org\/index.php\/wp-json\/wp\/v2\/types\/product"}],"replies":[{"embeddable":true,"href":"https:\/\/sklep.wieszjak.org\/index.php\/wp-json\/wp\/v2\/comments?post=34902"}],"wp:featuredmedia":[{"embeddable":true,"href":"https:\/\/sklep.wieszjak.org\/index.php\/wp-json\/wp\/v2\/media\/34903"}],"wp:attachment":[{"href":"https:\/\/sklep.wieszjak.org\/index.php\/wp-json\/wp\/v2\/media?parent=34902"}],"wp:term":[{"taxonomy":"product_brand","embeddable":true,"href":"https:\/\/sklep.wieszjak.org\/index.php\/wp-json\/wp\/v2\/product_brand?post=34902"},{"taxonomy":"product_cat","embeddable":true,"href":"https:\/\/sklep.wieszjak.org\/index.php\/wp-json\/wp\/v2\/product_cat?post=34902"},{"taxonomy":"product_tag","embeddable":true,"href":"https:\/\/sklep.wieszjak.org\/index.php\/wp-json\/wp\/v2\/product_tag?post=34902"}],"curies":[{"name":"wp","href":"https:\/\/api.w.org\/{rel}","templated":true}]}}