{"id":34904,"date":"2025-11-03T11:40:53","date_gmt":"2025-11-03T10:40:53","guid":{"rendered":"https:\/\/sklep.wieszjak.org\/?post_type=product&#038;p=34904"},"modified":"2025-11-03T11:40:54","modified_gmt":"2025-11-03T10:40:54","slug":"fotobudka-360-stopni-z-obsluga","status":"publish","type":"product","link":"https:\/\/sklep.wieszjak.org\/index.php\/produkt\/fotobudka-360-stopni-z-obsluga\/","title":{"rendered":"Fotobudka 360 stopni (z obs\u0142ug\u0105)"},"content":{"rendered":"<p>Fotobudka 360 stopni dla Ciebie i Twoj\u0105 imprez\u0119<br class=\"html-br\" \/>Wskocz w wir imprezy \u2014 dos\u0142ownie!<br class=\"html-br\" \/>To nie jest zwyk\u0142a budka. To scena, kamera i\u2026 Ty w roli gwiazdy wieczoru!<br class=\"html-br\" \/><span class=\"html-span xexx8yu xyri2b x18d9i69 x1c1uobl x1hl2dhg x16tdsg8 x1vvkbs x3nfvp2 x1j61x8r x1fcty0u xdj266r xat24cr xm2jcoa x1mpyi22 xxymvpz xlup9mm x1kky2od\"><img loading=\"lazy\" decoding=\"async\" class=\"xz74otr x15mokao x1ga7v0g x16uus16 xbiv7yw\" src=\"https:\/\/static.xx.fbcdn.net\/images\/emoji.php\/v9\/te\/1\/16\/1f501.png\" alt=\"&#x1f501;\" width=\"16\" height=\"16\" \/><\/span> Obrotowe uj\u0119cia jak z teledysku.<br class=\"html-br\" \/><span class=\"html-span xexx8yu xyri2b x18d9i69 x1c1uobl x1hl2dhg x16tdsg8 x1vvkbs x3nfvp2 x1j61x8r x1fcty0u xdj266r xat24cr xm2jcoa x1mpyi22 xxymvpz xlup9mm x1kky2od\"><img loading=\"lazy\" decoding=\"async\" class=\"xz74otr x15mokao x1ga7v0g x16uus16 xbiv7yw\" src=\"https:\/\/static.xx.fbcdn.net\/images\/emoji.php\/v9\/t2d\/1\/16\/1f3ac.png\" alt=\"&#x1f3ac;\" width=\"16\" height=\"16\" \/><\/span> Profesjonalna obs\u0142uga i pe\u0142ne wsparcie na miejscu.<\/p>\n","protected":false},"excerpt":{"rendered":"<div>\n<div dir=\"auto\">Fotobudka 360 stopni (z obs\u0142ug\u0105):<\/div>\n<\/div>\n<div>\n<div dir=\"auto\">2h \u2013 1200 z\u0142<\/div>\n<\/div>\n<div>\n<div dir=\"auto\">3h \u2013 1500 z\u0142<\/div>\n<\/div>\n<div>\n<div dir=\"auto\">5h \u2013 2200 z\u0142<\/div>\n<\/div>\n","protected":false},"featured_media":34905,"comment_status":"open","ping_status":"closed","template":"","meta":{"_et_pb_use_builder":"","_et_pb_old_content":"","_et_gb_content_width":""},"product_brand":[],"product_cat":[24],"product_tag":[],"class_list":{"0":"post-34904","1":"product","2":"type-product","3":"status-publish","4":"has-post-thumbnail","6":"product_cat-wynajem-sprzetu","8":"first","9":"instock","10":"taxable","11":"shipping-taxable","12":"purchasable","13":"product-type-simple"},"_links":{"self":[{"href":"https:\/\/sklep.wieszjak.org\/index.php\/wp-json\/wp\/v2\/product\/34904","targetHints":{"allow":["GET"]}}],"collection":[{"href":"https:\/\/sklep.wieszjak.org\/index.php\/wp-json\/wp\/v2\/product"}],"about":[{"href":"https:\/\/sklep.wieszjak.org\/index.php\/wp-json\/wp\/v2\/types\/product"}],"replies":[{"embeddable":true,"href":"https:\/\/sklep.wieszjak.org\/index.php\/wp-json\/wp\/v2\/comments?post=34904"}],"wp:featuredmedia":[{"embeddable":true,"href":"https:\/\/sklep.wieszjak.org\/index.php\/wp-json\/wp\/v2\/media\/34905"}],"wp:attachment":[{"href":"https:\/\/sklep.wieszjak.org\/index.php\/wp-json\/wp\/v2\/media?parent=34904"}],"wp:term":[{"taxonomy":"product_brand","embeddable":true,"href":"https:\/\/sklep.wieszjak.org\/index.php\/wp-json\/wp\/v2\/product_brand?post=34904"},{"taxonomy":"product_cat","embeddable":true,"href":"https:\/\/sklep.wieszjak.org\/index.php\/wp-json\/wp\/v2\/product_cat?post=34904"},{"taxonomy":"product_tag","embeddable":true,"href":"https:\/\/sklep.wieszjak.org\/index.php\/wp-json\/wp\/v2\/product_tag?post=34904"}],"curies":[{"name":"wp","href":"https:\/\/api.w.org\/{rel}","templated":true}]}}